{"id":19649,"date":"2025-05-19T18:13:37","date_gmt":"2025-05-19T16:13:37","guid":{"rendered":"http:\/\/test.linedance-connection.de\/Test1\/?page_id=19649"},"modified":"2025-09-01T10:28:43","modified_gmt":"2025-09-01T08:28:43","slug":"home","status":"publish","type":"page","link":"https:\/\/www.linedance-connection.de\/","title":{"rendered":"Home"},"content":{"rendered":"<p>[et_pb_section fb_built=&#8220;1&#8243; fullwidth=&#8220;on&#8220; _builder_version=&#8220;4.27.4&#8243; _module_preset=&#8220;default&#8220; global_colors_info=&#8220;{}&#8220;][et_pb_fullwidth_code admin_label=&#8220;Code zur Weiterleitung nach einem Sliderdurchlauf&#8220; _builder_version=&#8220;4.27.4&#8243; _module_preset=&#8220;default&#8220; hover_enabled=&#8220;0&#8243; global_colors_info=&#8220;{}&#8220; sticky_enabled=&#8220;0&#8243;] <script><!-- [et_pb_line_break_holder] -->document.addEventListener(\"DOMContentLoaded\", function () {<!-- [et_pb_line_break_holder] -->  console.log(\"\ud83d\ude80 Script gestartet\");<!-- [et_pb_line_break_holder] --><!-- [et_pb_line_break_holder] -->  var slider = document.getElementById(\"redirect-once-slider\");<!-- [et_pb_line_break_holder] -->  if (!slider) {<!-- [et_pb_line_break_holder] -->    console.warn(\"\u274c Kein Slider mit ID 'redirect-once-slider' gefunden!\");<!-- [et_pb_line_break_holder] -->    return;<!-- [et_pb_line_break_holder] -->  }<!-- [et_pb_line_break_holder] --><!-- [et_pb_line_break_holder] -->  var slides = slider.querySelectorAll(\".et_pb_slide\");<!-- [et_pb_line_break_holder] -->  if (!slides.length) {<!-- [et_pb_line_break_holder] -->    console.warn(\"\u274c Keine Slides gefunden!\");<!-- [et_pb_line_break_holder] -->    return;<!-- [et_pb_line_break_holder] -->  }<!-- [et_pb_line_break_holder] --><!-- [et_pb_line_break_holder] -->  var duration = parseInt(slider.getAttribute(\"data-autospeed\")) || 5000;<!-- [et_pb_line_break_holder] -->  var totalTime = slides.length * duration;<!-- [et_pb_line_break_holder] --><!-- [et_pb_line_break_holder] -->  console.log(\"\u2705 Slider gefunden:\", slider);<!-- [et_pb_line_break_holder] -->  console.log(\"\u2705 Anzahl Slides:\", slides.length);<!-- [et_pb_line_break_holder] -->  console.log(\"\u2705 Dauer pro Slide:\", duration + \"ms\");<!-- [et_pb_line_break_holder] -->  console.log(\"\u2705 Gesamtzeit:\", totalTime + \"ms\");<!-- [et_pb_line_break_holder] --><!-- [et_pb_line_break_holder] -->  \/\/ Countdown-Logger<!-- [et_pb_line_break_holder] -->  var secondsLeft = Math.ceil(totalTime \/ 1000);<!-- [et_pb_line_break_holder] -->  console.log(\"\u23f3 Redirect in \" + secondsLeft + \" Sekunden...\");<!-- [et_pb_line_break_holder] --><!-- [et_pb_line_break_holder] -->  var interval = setInterval(function () {<!-- [et_pb_line_break_holder] -->    secondsLeft--;<!-- [et_pb_line_break_holder] -->    if (secondsLeft > 0) {<!-- [et_pb_line_break_holder] -->      console.log(\"\u23f3 Noch \" + secondsLeft + \" Sekunden...\");<!-- [et_pb_line_break_holder] -->    } else {<!-- [et_pb_line_break_holder] -->      clearInterval(interval);<!-- [et_pb_line_break_holder] -->    }<!-- [et_pb_line_break_holder] -->  }, 1000);<!-- [et_pb_line_break_holder] --><!-- [et_pb_line_break_holder] -->  \/\/ Redirect nach der berechneten Zeit<!-- [et_pb_line_break_holder] -->  setTimeout(function () {<!-- [et_pb_line_break_holder] -->    console.log(\"\u27a1\ufe0f Redirect wird ausgef\u00fchrt!\");<!-- [et_pb_line_break_holder] -->    window.location.href = \"https:\/\/linedance-connection.de\/?page_id=3319\";<!-- [et_pb_line_break_holder] -->  }, totalTime);<!-- [et_pb_line_break_holder] -->});<!-- [et_pb_line_break_holder] --><\/script>[\/et_pb_fullwidth_code][et_pb_fullwidth_slider show_pagination=&#8220;off&#8220; use_bg_overlay=&#8220;off&#8220; use_text_overlay=&#8220;off&#8220; admin_label=&#8220;Vollbreiter Slider&#8220; module_id=&#8220;redirect-once-slider&#8220; _builder_version=&#8220;4.27.4&#8243; _module_preset=&#8220;default&#8220; header_font_size=&#8220;31px&#8220; background_color=&#8220;#314078&#8243; animation_style=&#8220;fade&#8220; auto=&#8220;on&#8220; auto_speed=&#8220;5000&#8243; hover_enabled=&#8220;0&#8243; global_colors_info=&#8220;{}&#8220; link_option_url=&#8220;\/?page_id=20112&#8243; sticky_enabled=&#8220;0&#8243;][et_pb_slide heading=&#8220;Tanzen ist Tr\u00e4umen mit den F\u00fc\u00dfen&#8220; _builder_version=&#8220;4.27.4&#8243; _module_preset=&#8220;default&#8220; header_font=&#8220;|700|||||||&#8220; background_image=&#8220;https:\/\/linedance-connection.de\/wp-content\/uploads\/2025\/05\/image9.jpeg&#8220; hover_transition_duration=&#8220;450ms&#8220; global_colors_info=&#8220;{}&#8220; sticky_transition=&#8220;on&#8220;][\/et_pb_slide][et_pb_slide heading=&#8220;Line Dancer: Wie normale Menschen \u2013 nur viel cooler!&#8220; _builder_version=&#8220;4.27.4&#8243; _module_preset=&#8220;default&#8220; header_font=&#8220;|700|||||||&#8220; background_color=&#8220;#314078&#8243; background_enable_color=&#8220;on&#8220; background_image=&#8220;https:\/\/linedance-connection.de\/wp-content\/uploads\/2025\/05\/image10.jpeg&#8220; global_colors_info=&#8220;{}&#8220; sticky_transition=&#8220;on&#8220;][\/et_pb_slide][et_pb_slide heading=&#8220;Kommt und schaut euch unseren Verein an!&#8220; _builder_version=&#8220;4.27.4&#8243; _module_preset=&#8220;default&#8220; header_font=&#8220;|700|||||||&#8220; background_image=&#8220;https:\/\/linedance-connection.de\/wp-content\/uploads\/2025\/05\/image8-scaled.jpeg&#8220; global_colors_info=&#8220;{}&#8220; sticky_transition=&#8220;on&#8220;][\/et_pb_slide][\/et_pb_fullwidth_slider][\/et_pb_section]<\/p>\n","protected":false},"excerpt":{"rendered":"","protected":false},"author":1,"featured_media":0,"parent":0,"menu_order":0,"comment_status":"closed","ping_status":"closed","template":"","meta":{"_acf_changed":false,"_et_pb_use_builder":"on","_et_pb_old_content":"","_et_gb_content_width":"","footnotes":""},"class_list":["post-19649","page","type-page","status-publish","hentry"],"acf":[],"_links":{"self":[{"href":"https:\/\/www.linedance-connection.de\/index.php?rest_route=\/wp\/v2\/pages\/19649","targetHints":{"allow":["GET"]}}],"collection":[{"href":"https:\/\/www.linedance-connection.de\/index.php?rest_route=\/wp\/v2\/pages"}],"about":[{"href":"https:\/\/www.linedance-connection.de\/index.php?rest_route=\/wp\/v2\/types\/page"}],"author":[{"embeddable":true,"href":"https:\/\/www.linedance-connection.de\/index.php?rest_route=\/wp\/v2\/users\/1"}],"replies":[{"embeddable":true,"href":"https:\/\/www.linedance-connection.de\/index.php?rest_route=%2Fwp%2Fv2%2Fcomments&post=19649"}],"version-history":[{"count":10,"href":"https:\/\/www.linedance-connection.de\/index.php?rest_route=\/wp\/v2\/pages\/19649\/revisions"}],"predecessor-version":[{"id":20757,"href":"https:\/\/www.linedance-connection.de\/index.php?rest_route=\/wp\/v2\/pages\/19649\/revisions\/20757"}],"wp:attachment":[{"href":"https:\/\/www.linedance-connection.de\/index.php?rest_route=%2Fwp%2Fv2%2Fmedia&parent=19649"}],"curies":[{"name":"wp","href":"https:\/\/api.w.org\/{rel}","templated":true}]}}