{"id":20112,"date":"2025-08-13T16:45:08","date_gmt":"2025-08-13T14:45:08","guid":{"rendered":"http:\/\/test.linedance-connection.de\/Test1\/?page_id=20112"},"modified":"2025-09-16T21:39:35","modified_gmt":"2025-09-16T19:39:35","slug":"mitgliedschaft","status":"publish","type":"page","link":"https:\/\/www.linedance-connection.de\/?page_id=20112","title":{"rendered":"Mitgliedschaft"},"content":{"rendered":"<p>[et_pb_section fb_built=&#8220;1&#8243; _builder_version=&#8220;4.27.4&#8243; _module_preset=&#8220;default&#8220; global_colors_info=&#8220;{}&#8220;][et_pb_row _builder_version=&#8220;4.27.4&#8243; _module_preset=&#8220;default&#8220; background_color=&#8220;#314078&#8243; custom_padding=&#8220;15px|15px|15px|15px|true|true&#8220; global_colors_info=&#8220;{}&#8220;][et_pb_column type=&#8220;4_4&#8243; _builder_version=&#8220;4.27.4&#8243; _module_preset=&#8220;default&#8220; global_colors_info=&#8220;{}&#8220;][et_pb_text _builder_version=&#8220;4.27.4&#8243; _module_preset=&#8220;default&#8220; text_text_color=&#8220;#FFFFFF&#8220; text_font_size=&#8220;26px&#8220; global_colors_info=&#8220;{}&#8220;]<\/p>\n<p>Kommt und\u00a0 seid dabei!<\/p>\n<p>[\/et_pb_text][\/et_pb_column][\/et_pb_row][et_pb_row _builder_version=&#8220;4.27.4&#8243; _module_preset=&#8220;default&#8220; global_colors_info=&#8220;{}&#8220;][et_pb_column type=&#8220;4_4&#8243; _builder_version=&#8220;4.27.4&#8243; _module_preset=&#8220;default&#8220; global_colors_info=&#8220;{}&#8220;][et_pb_text admin_label=&#8220;Text&#8220; _builder_version=&#8220;4.27.4&#8243; _module_preset=&#8220;default&#8220; text_font_size=&#8220;20px&#8220; link_option_url=&#8220;\/wp-content\/uploads\/2025\/08\/Aufnahmeantrag.pdf&#8220; hover_enabled=&#8220;0&#8243; global_colors_info=&#8220;{}&#8220; sticky_enabled=&#8220;0&#8243;]<\/p>\n<p>Ihr interresiert euch f\u00fcr Line Dance?<br \/>Ihr m\u00f6chtet tanzen, tanzen, tanzen?<br \/>Auch ohne Partner?<br \/>Ihr m\u00f6gt das Erlebnis in der Gruppe?<\/p>\n<p>Dann seid ihr hier genau richtig! Kommt zum Line Dance!<\/p>\n<p>Gern auch zum unverbindlichen Schnuppern. <br \/>Meldet euch einfach bei Petra Stuhlberg (06321- 482045) an.<\/p>\n<p>( f\u00fcr Aufnahmeantrag hier klicken )<\/p>\n<p>&nbsp;<\/p>\n<p>[\/et_pb_text][\/et_pb_column][\/et_pb_row][\/et_pb_section]<\/p>\n","protected":false},"excerpt":{"rendered":"<p>Kommt und\u00a0 seid dabei!Ihr interresiert euch f\u00fcr Line Dance?Ihr m\u00f6chtet tanzen, tanzen, tanzen?Auch ohne Partner?Ihr m\u00f6gt das Erlebnis in der Gruppe? Dann seid ihr hier genau richtig! Kommt zum Line Dance! Gern auch zum unverbindlichen Schnuppern. Meldet euch einfach bei Petra Stuhlberg (06321- 482045) an. ( f\u00fcr Aufnahmeantrag hier klicken ) &nbsp;<\/p>\n","protected":false},"author":1,"featured_media":0,"parent":0,"menu_order":0,"comment_status":"closed","ping_status":"closed","template":"","meta":{"_acf_changed":false,"_et_pb_use_builder":"on","_et_pb_old_content":"","_et_gb_content_width":"","footnotes":""},"class_list":["post-20112","page","type-page","status-publish","hentry"],"acf":[],"_links":{"self":[{"href":"https:\/\/www.linedance-connection.de\/index.php?rest_route=\/wp\/v2\/pages\/20112","targetHints":{"allow":["GET"]}}],"collection":[{"href":"https:\/\/www.linedance-connection.de\/index.php?rest_route=\/wp\/v2\/pages"}],"about":[{"href":"https:\/\/www.linedance-connection.de\/index.php?rest_route=\/wp\/v2\/types\/page"}],"author":[{"embeddable":true,"href":"https:\/\/www.linedance-connection.de\/index.php?rest_route=\/wp\/v2\/users\/1"}],"replies":[{"embeddable":true,"href":"https:\/\/www.linedance-connection.de\/index.php?rest_route=%2Fwp%2Fv2%2Fcomments&post=20112"}],"version-history":[{"count":9,"href":"https:\/\/www.linedance-connection.de\/index.php?rest_route=\/wp\/v2\/pages\/20112\/revisions"}],"predecessor-version":[{"id":27824,"href":"https:\/\/www.linedance-connection.de\/index.php?rest_route=\/wp\/v2\/pages\/20112\/revisions\/27824"}],"wp:attachment":[{"href":"https:\/\/www.linedance-connection.de\/index.php?rest_route=%2Fwp%2Fv2%2Fmedia&parent=20112"}],"curies":[{"name":"wp","href":"https:\/\/api.w.org\/{rel}","templated":true}]}}