{"id":3317,"date":"2025-04-30T18:46:26","date_gmt":"2025-04-30T16:46:26","guid":{"rendered":"http:\/\/test.linedance-connection.de\/Test1\/?page_id=3317"},"modified":"2025-08-21T14:25:17","modified_gmt":"2025-08-21T12:25:17","slug":"ueber-uns","status":"publish","type":"page","link":"https:\/\/www.linedance-connection.de\/?page_id=3317","title":{"rendered":"\u00dcber uns"},"content":{"rendered":"<p>[et_pb_section fb_built=&#8220;1&#8243; _builder_version=&#8220;4.27.4&#8243; _module_preset=&#8220;c307da61-3495-4003-bed7-4161dd988b86&#8243; background_color=&#8220;RGBA(7,5,84,0.09)&#8220; use_background_color_gradient=&#8220;off&#8220; global_colors_info=&#8220;{}&#8220;][et_pb_row _builder_version=&#8220;4.27.4&#8243; _module_preset=&#8220;5390b47e-9f72-4b2e-b527-e05be0fbfd94&#8243; custom_margin=&#8220;||||false|false&#8220; custom_padding=&#8220;10px|10px|10px|10px|true|true&#8220; border_color_all=&#8220;#313e6b&#8220; global_colors_info=&#8220;{}&#8220;][et_pb_column type=&#8220;4_4&#8243; _builder_version=&#8220;4.27.4&#8243; _module_preset=&#8220;default&#8220; global_colors_info=&#8220;{}&#8220;][et_pb_text _builder_version=&#8220;4.27.4&#8243; _dynamic_attributes=&#8220;content&#8220; _module_preset=&#8220;default&#8220; text_text_color=&#8220;#FFFFFF&#8220; text_font_size=&#8220;30px&#8220; header_4_text_color=&#8220;#313e6b&#8220; background_color=&#8220;#314078&#8243; custom_margin=&#8220;10px||||false|false&#8220; custom_padding=&#8220;15px|15px|15px|15px|true|true&#8220; hover_enabled=&#8220;0&#8243; global_colors_info=&#8220;{}&#8220; sticky_enabled=&#8220;0&#8243;]@ET-DC@eyJkeW5hbWljIjp0cnVlLCJjb250ZW50IjoicG9zdF90aXRsZSIsInNldHRpbmdzIjp7ImJlZm9yZSI6IiIsImFmdGVyIjoiIn19@[\/et_pb_text][et_pb_text _builder_version=&#8220;4.27.4&#8243; _module_preset=&#8220;04ba94a9-eaa0-471f-a0f7-e1b8292234f0&#8243; text_text_color=&#8220;#313e6b&#8220; hover_enabled=&#8220;0&#8243; global_colors_info=&#8220;{}&#8220; text_font_size=&#8220;20px&#8220; sticky_enabled=&#8220;0&#8243;]<\/p>\n<p>Die Linedance Connection wurde am 18. Juni 2006 gegr\u00fcndet. Voraus ging, dass Hanne und Reiner M\u00fcller in puncto Line Dance und der entsprechenden Musik neue Akzente setzen wollten. Das Ziel war, eine eigene Line Dance Gruppe ins Leben zu rufen. Als auch ein \u00dcbungsraum gefunden war, startete das Projekt \u201eLinedance Connection\u201c.<\/p>\n<p>Der Name Linedance Connection basiert auf den vielen \u201eConnections\u201c zu anderen Clubs, T\u00e4nzern und Countrybands. Andere T\u00e4nzerinnen und T\u00e4nzer waren von der Idee begeistert. So schlossen sich unmittelbar Marianne und Wolfgang Widera, Renate Pfeifer, Christina Hesser, und kurz danach Renate Geiger und Dieter Brecht der neuen Tanzgruppe an, die auch gleich auf \u00fcber 20 tanzbegeisterte Personen anwuchs.<\/p>\n<p>Line Dance ist seit dem 1. September 2002 eine anerkannte Wettkampf- und Breitensportart. Vor diesem Hintergrund organisierten wir uns ab dem 11. Juli 2007 zu einem eingetragenen Verein und nennen uns seitdem \u201eLinedance Connection Neustadt\/Weinstra\u00dfe e.V.\u201c Durch diese Organisationsform ist unser Verein Mitglied beim Sportbund Pfalz, beim Tanzsportverband Rheinland-Pfalz und beim Deutschen Tanzsportverband. Vom Finanzamt sind wir als gemeinn\u00fctzig anerkannt.<\/p>\n<p>Wir sehen uns als einen reinen Breitensportverein. Mit unseren inzwischen rund 120 Mitgliedern konnten wir dazu beitragen, den Line Dance in unserem Raum popul\u00e4r zu machen.<\/p>\n<p>Im September 2021 zog sich Reiner M\u00fcller aus der Vorstandsspitze zur\u00fcck und \u00fcbergab die Vereinsleitung an Renate Rothenb\u00fccher, die den Verein seitdem erfolgreich weiterf\u00fchrt.<\/p>\n<p>Unser Dank gilt all denen, die uns im Laufe der Jahre erm\u00f6glichten in ihren R\u00e4umen zu trainieren: Den Landfrauen Lachen-Speyerdorf, Pater Edwin Rombach vom Herz-Jesu-Kloster Neustadt, dem American Fitness Studio in Ha\u00dfloch, dem TuS Lachen-Speyerdorf 1910, dem TV 1860 Mu\u00dfbach und ganz besonders der Stadt Neustadt.<\/p>\n<p>Und immer noch gilt<strong>: Interessenten sind jederzeit zum Schnuppern und Mittanzen willkommen! <\/strong>(Einzelheiten entnehmt bitte dem Men\u00fcpunkt \u201eTraining\u201c.)<\/p>\n<p>Hanne und Reiner M\u00fcller<\/p>\n<p><strong>\u201eTanzen ist Tr\u00e4umen mit den F\u00fc\u00dfen\u201c<\/strong><\/p>\n<p>[\/et_pb_text][\/et_pb_column][\/et_pb_row][\/et_pb_section]<\/p>\n","protected":false},"excerpt":{"rendered":"<p>Die Linedance Connection wurde am 18. Juni 2006 gegr\u00fcndet. Voraus ging, dass Hanne und Reiner M\u00fcller in puncto Line Dance und der entsprechenden Musik neue Akzente setzen wollten. Das Ziel war, eine eigene Line Dance Gruppe ins Leben zu rufen. Als auch ein \u00dcbungsraum gefunden war, startete das Projekt \u201eLinedance Connection\u201c. Der Name Linedance Connection [&hellip;]<\/p>\n","protected":false},"author":1,"featured_media":0,"parent":0,"menu_order":0,"comment_status":"closed","ping_status":"closed","template":"","meta":{"_acf_changed":false,"_et_pb_use_builder":"on","_et_pb_old_content":"<!-- wp:divi\/placeholder \/-->","_et_gb_content_width":"","footnotes":""},"class_list":["post-3317","page","type-page","status-publish","hentry"],"acf":[],"_links":{"self":[{"href":"https:\/\/www.linedance-connection.de\/index.php?rest_route=\/wp\/v2\/pages\/3317","targetHints":{"allow":["GET"]}}],"collection":[{"href":"https:\/\/www.linedance-connection.de\/index.php?rest_route=\/wp\/v2\/pages"}],"about":[{"href":"https:\/\/www.linedance-connection.de\/index.php?rest_route=\/wp\/v2\/types\/page"}],"author":[{"embeddable":true,"href":"https:\/\/www.linedance-connection.de\/index.php?rest_route=\/wp\/v2\/users\/1"}],"replies":[{"embeddable":true,"href":"https:\/\/www.linedance-connection.de\/index.php?rest_route=%2Fwp%2Fv2%2Fcomments&post=3317"}],"version-history":[{"count":10,"href":"https:\/\/www.linedance-connection.de\/index.php?rest_route=\/wp\/v2\/pages\/3317\/revisions"}],"predecessor-version":[{"id":20515,"href":"https:\/\/www.linedance-connection.de\/index.php?rest_route=\/wp\/v2\/pages\/3317\/revisions\/20515"}],"wp:attachment":[{"href":"https:\/\/www.linedance-connection.de\/index.php?rest_route=%2Fwp%2Fv2%2Fmedia&parent=3317"}],"curies":[{"name":"wp","href":"https:\/\/api.w.org\/{rel}","templated":true}]}}